{"id":56,"date":"2023-12-02T23:20:26","date_gmt":"2023-12-02T23:20:26","guid":{"rendered":"https:\/\/moni-care.de\/?page_id=56"},"modified":"2025-08-29T11:00:05","modified_gmt":"2025-08-29T11:00:05","slug":"kontakt","status":"publish","type":"page","link":"https:\/\/moni-care.de\/30-2\/kontakt\/","title":{"rendered":"Kontakt"},"content":{"rendered":"<p>[et_pb_section fb_built=&#8220;1&#8243; _builder_version=&#8220;4.16&#8243; global_colors_info=&#8220;{}&#8220;][et_pb_row _builder_version=&#8220;4.16&#8243; background_size=&#8220;initial&#8220; background_position=&#8220;top_left&#8220; background_repeat=&#8220;repeat&#8220; global_colors_info=&#8220;{}&#8220;][et_pb_column type=&#8220;4_4&#8243; _builder_version=&#8220;4.16&#8243; custom_padding=&#8220;|||&#8220; global_colors_info=&#8220;{}&#8220; custom_padding__hover=&#8220;|||&#8220;][et_pb_text _builder_version=&#8220;4.16&#8243; background_size=&#8220;initial&#8220; background_position=&#8220;top_left&#8220; background_repeat=&#8220;repeat&#8220; global_colors_info=&#8220;{}&#8220;]<!-- divi:paragraph --><\/p>\n<p><span><b><span class=\"Apple-converted-space\">\u00a0<\/span>TERMINE NUR NACH VEREINBARUNG.<\/b><\/span><\/p>\n<p><span>Ich bitte um Terminabsprachen per Telefon oder <\/span><span>E-Mail, <br \/>da ich w\u00e4hrend der Behandlungen pers\u00f6nlich vor Ort<br \/><\/span><span>keine<\/span><span> Termine mit Ihnen vereinbaren kann.<\/span><\/p>\n<p>Sollten Sie eine WhatsApp schreiben oder Nachricht<br \/>f\u00fcr mich hinterlassen, rufe ich Sie gerne zwischen meinen<br \/>Behandlungen direkt zur\u00fcck:<\/p>\n<p>Monika Kastrian Rajakumaran<br \/>Vinckestra\u00dfe 3<br \/>45355 Essen-Borbeck<br \/>Telefon 0176 61 444 390<br \/>E-Mail: monika@moni-care.de<\/p>\n<p>&nbsp;<\/p>\n<p>&nbsp;<\/p>\n<p>&nbsp;<\/p>\n<p>&nbsp;<\/p>\n<p>&nbsp;<\/p>\n<p><!-- \/divi:paragraph -->[\/et_pb_text][\/et_pb_column][\/et_pb_row][\/et_pb_section]<\/p>\n","protected":false},"excerpt":{"rendered":"<p>\u00a0TERMINE NUR NACH VEREINBARUNG. Ich bitte um Terminabsprachen per Telefon oder E-Mail, da ich w\u00e4hrend der Behandlungen pers\u00f6nlich vor Ortkeine Termine mit Ihnen vereinbaren kann. Sollten Sie eine WhatsApp schreiben oder Nachrichtf\u00fcr mich hinterlassen, rufe ich Sie gerne zwischen meinenBehandlungen direkt zur\u00fcck: Monika Kastrian RajakumaranVinckestra\u00dfe 345355 Essen-BorbeckTelefon 0176 61 444 390E-Mail: monika@moni-care.de &nbsp; &nbsp; &nbsp; [&hellip;]<\/p>\n","protected":false},"author":1,"featured_media":0,"parent":0,"menu_order":0,"comment_status":"closed","ping_status":"closed","template":"","meta":{"_et_pb_use_builder":"on","_et_pb_old_content":"<!-- wp:paragraph -->\n<p>Zur Kontaktaufnahme oder wegen Terminanfragen wenden Sie sich an:<br><br>Monika Rajakumaran<br>Vinckestra\u00dfe 3<br>45355 Essen-Borbeck<br>Telefon 0176 61 444 390<br>monika@moni-care.de<\/p>\n<!-- \/wp:paragraph -->","_et_gb_content_width":"","footnotes":""},"class_list":["post-56","page","type-page","status-publish","hentry"],"_links":{"self":[{"href":"https:\/\/moni-care.de\/30-2\/wp-json\/wp\/v2\/pages\/56","targetHints":{"allow":["GET"]}}],"collection":[{"href":"https:\/\/moni-care.de\/30-2\/wp-json\/wp\/v2\/pages"}],"about":[{"href":"https:\/\/moni-care.de\/30-2\/wp-json\/wp\/v2\/types\/page"}],"author":[{"embeddable":true,"href":"https:\/\/moni-care.de\/30-2\/wp-json\/wp\/v2\/users\/1"}],"replies":[{"embeddable":true,"href":"https:\/\/moni-care.de\/30-2\/wp-json\/wp\/v2\/comments?post=56"}],"version-history":[{"count":11,"href":"https:\/\/moni-care.de\/30-2\/wp-json\/wp\/v2\/pages\/56\/revisions"}],"predecessor-version":[{"id":372,"href":"https:\/\/moni-care.de\/30-2\/wp-json\/wp\/v2\/pages\/56\/revisions\/372"}],"wp:attachment":[{"href":"https:\/\/moni-care.de\/30-2\/wp-json\/wp\/v2\/media?parent=56"}],"curies":[{"name":"wp","href":"https:\/\/api.w.org\/{rel}","templated":true}]}}